{"id":36,"date":"2019-02-16T19:04:32","date_gmt":"2019-02-16T23:04:32","guid":{"rendered":"http:\/\/artekdesign.info\/?page_id=36"},"modified":"2019-04-10T00:16:40","modified_gmt":"2019-04-10T04:16:40","slug":"servicios","status":"publish","type":"page","link":"https:\/\/artekdesign.com\/es\/servicios\/","title":{"rendered":"Servicios"},"content":{"rendered":"<div class=\"text-justify\">\n<p>Artek Design Corp. gestiona un equipo de servicio completo con asociaciones estrat\u00e9gicas que ayudan a los clientes desde las etapas iniciales de adquisici\u00f3n de propiedades hasta su finalizaci\u00f3n. Al trabajar bajo el concepto de \u00abproyectos llave en mano\u00bb, Artek elimina el estr\u00e9s involucrado en la creaci\u00f3n y administraci\u00f3n de nuevos desarrollos de proyectos y brinda a los clientes condiciones listas para mudanza y disfrutar o alquilar\/vender sus propiedades. Haz todo en un solo lugar con expertos locales: ahorre su tiempo, ahorre su dinero, y ahorre su energ\u00eda.<\/p>\n<\/div>\n","protected":false},"excerpt":{"rendered":"<p>Artek Design Corp. gestiona un equipo de servicio completo con asociaciones estrat\u00e9gicas que ayudan a los clientes desde las etapas iniciales de adquisici\u00f3n de propiedades hasta su finalizaci\u00f3n. Al trabajar bajo el concepto de \u00abproyectos llave en mano\u00bb, Artek elimina el estr\u00e9s involucrado en la creaci\u00f3n y administraci\u00f3n de nuevos desarrollos de proyectos y brinda [&hellip;]<\/p>\n","protected":false},"author":1,"featured_media":0,"parent":0,"menu_order":0,"comment_status":"closed","ping_status":"closed","template":"template-services.php","meta":{"footnotes":""},"class_list":["post-36","page","type-page","status-publish","hentry"],"yoast_head":"<!-- This site is optimized with the Yoast SEO plugin v26.7 - https:\/\/yoast.com\/wordpress\/plugins\/seo\/ -->\n<title>Servicios - Artek Design<\/title>\n<meta name=\"robots\" content=\"index, follow, max-snippet:-1, max-image-preview:large, max-video-preview:-1\" \/>\n<link rel=\"canonical\" href=\"https:\/\/artekdesign.com\/es\/servicios\/\" \/>\n<meta property=\"og:locale\" content=\"es_ES\" \/>\n<meta property=\"og:type\" content=\"article\" \/>\n<meta property=\"og:title\" content=\"Servicios - Artek Design\" \/>\n<meta property=\"og:description\" content=\"Artek Design Corp. gestiona un equipo de servicio completo con asociaciones estrat\u00e9gicas que ayudan a los clientes desde las etapas iniciales de adquisici\u00f3n de propiedades hasta su finalizaci\u00f3n. Al trabajar bajo el concepto de \u00abproyectos llave en mano\u00bb, Artek elimina el estr\u00e9s involucrado en la creaci\u00f3n y administraci\u00f3n de nuevos desarrollos de proyectos y brinda [&hellip;]\" \/>\n<meta property=\"og:url\" content=\"https:\/\/artekdesign.com\/es\/servicios\/\" \/>\n<meta property=\"og:site_name\" content=\"Artek Design\" \/>\n<meta property=\"article:modified_time\" content=\"2019-04-10T04:16:40+00:00\" \/>\n<meta name=\"twitter:card\" content=\"summary_large_image\" \/>\n<script type=\"application\/ld+json\" class=\"yoast-schema-graph\">{\"@context\":\"https:\/\/schema.org\",\"@graph\":[{\"@type\":\"WebPage\",\"@id\":\"https:\/\/artekdesign.com\/es\/servicios\/\",\"url\":\"https:\/\/artekdesign.com\/es\/servicios\/\",\"name\":\"Servicios - Artek Design\",\"isPartOf\":{\"@id\":\"https:\/\/artekdesign.com\/es\/#website\"},\"datePublished\":\"2019-02-16T23:04:32+00:00\",\"dateModified\":\"2019-04-10T04:16:40+00:00\",\"breadcrumb\":{\"@id\":\"https:\/\/artekdesign.com\/es\/servicios\/#breadcrumb\"},\"inLanguage\":\"es\",\"potentialAction\":[{\"@type\":\"ReadAction\",\"target\":[\"https:\/\/artekdesign.com\/es\/servicios\/\"]}]},{\"@type\":\"BreadcrumbList\",\"@id\":\"https:\/\/artekdesign.com\/es\/servicios\/#breadcrumb\",\"itemListElement\":[{\"@type\":\"ListItem\",\"position\":1,\"name\":\"Home\",\"item\":\"https:\/\/artekdesign.com\/es\/\"},{\"@type\":\"ListItem\",\"position\":2,\"name\":\"Servicios\"}]},{\"@type\":\"WebSite\",\"@id\":\"https:\/\/artekdesign.com\/es\/#website\",\"url\":\"https:\/\/artekdesign.com\/es\/\",\"name\":\"Artek Design\",\"description\":\"\",\"potentialAction\":[{\"@type\":\"SearchAction\",\"target\":{\"@type\":\"EntryPoint\",\"urlTemplate\":\"https:\/\/artekdesign.com\/es\/?s={search_term_string}\"},\"query-input\":{\"@type\":\"PropertyValueSpecification\",\"valueRequired\":true,\"valueName\":\"search_term_string\"}}],\"inLanguage\":\"es\"}]}<\/script>\n<!-- \/ Yoast SEO plugin. -->","yoast_head_json":{"title":"Servicios - Artek Design","robots":{"index":"index","follow":"follow","max-snippet":"max-snippet:-1","max-image-preview":"max-image-preview:large","max-video-preview":"max-video-preview:-1"},"canonical":"https:\/\/artekdesign.com\/es\/servicios\/","og_locale":"es_ES","og_type":"article","og_title":"Servicios - Artek Design","og_description":"Artek Design Corp. gestiona un equipo de servicio completo con asociaciones estrat\u00e9gicas que ayudan a los clientes desde las etapas iniciales de adquisici\u00f3n de propiedades hasta su finalizaci\u00f3n. Al trabajar bajo el concepto de \u00abproyectos llave en mano\u00bb, Artek elimina el estr\u00e9s involucrado en la creaci\u00f3n y administraci\u00f3n de nuevos desarrollos de proyectos y brinda [&hellip;]","og_url":"https:\/\/artekdesign.com\/es\/servicios\/","og_site_name":"Artek Design","article_modified_time":"2019-04-10T04:16:40+00:00","twitter_card":"summary_large_image","schema":{"@context":"https:\/\/schema.org","@graph":[{"@type":"WebPage","@id":"https:\/\/artekdesign.com\/es\/servicios\/","url":"https:\/\/artekdesign.com\/es\/servicios\/","name":"Servicios - Artek Design","isPartOf":{"@id":"https:\/\/artekdesign.com\/es\/#website"},"datePublished":"2019-02-16T23:04:32+00:00","dateModified":"2019-04-10T04:16:40+00:00","breadcrumb":{"@id":"https:\/\/artekdesign.com\/es\/servicios\/#breadcrumb"},"inLanguage":"es","potentialAction":[{"@type":"ReadAction","target":["https:\/\/artekdesign.com\/es\/servicios\/"]}]},{"@type":"BreadcrumbList","@id":"https:\/\/artekdesign.com\/es\/servicios\/#breadcrumb","itemListElement":[{"@type":"ListItem","position":1,"name":"Home","item":"https:\/\/artekdesign.com\/es\/"},{"@type":"ListItem","position":2,"name":"Servicios"}]},{"@type":"WebSite","@id":"https:\/\/artekdesign.com\/es\/#website","url":"https:\/\/artekdesign.com\/es\/","name":"Artek Design","description":"","potentialAction":[{"@type":"SearchAction","target":{"@type":"EntryPoint","urlTemplate":"https:\/\/artekdesign.com\/es\/?s={search_term_string}"},"query-input":{"@type":"PropertyValueSpecification","valueRequired":true,"valueName":"search_term_string"}}],"inLanguage":"es"}]}},"_links":{"self":[{"href":"https:\/\/artekdesign.com\/es\/wp-json\/wp\/v2\/pages\/36","targetHints":{"allow":["GET"]}}],"collection":[{"href":"https:\/\/artekdesign.com\/es\/wp-json\/wp\/v2\/pages"}],"about":[{"href":"https:\/\/artekdesign.com\/es\/wp-json\/wp\/v2\/types\/page"}],"author":[{"embeddable":true,"href":"https:\/\/artekdesign.com\/es\/wp-json\/wp\/v2\/users\/1"}],"replies":[{"embeddable":true,"href":"https:\/\/artekdesign.com\/es\/wp-json\/wp\/v2\/comments?post=36"}],"version-history":[{"count":12,"href":"https:\/\/artekdesign.com\/es\/wp-json\/wp\/v2\/pages\/36\/revisions"}],"predecessor-version":[{"id":4436,"href":"https:\/\/artekdesign.com\/es\/wp-json\/wp\/v2\/pages\/36\/revisions\/4436"}],"wp:attachment":[{"href":"https:\/\/artekdesign.com\/es\/wp-json\/wp\/v2\/media?parent=36"}],"curies":[{"name":"wp","href":"https:\/\/api.w.org\/{rel}","templated":true}]}}