{"id":31,"date":"2019-02-15T22:51:09","date_gmt":"2019-02-16T02:51:09","guid":{"rendered":"http:\/\/artekdesign.info\/?page_id=31"},"modified":"2025-05-15T01:00:18","modified_gmt":"2025-05-15T05:00:18","slug":"quienes-somos","status":"publish","type":"page","link":"https:\/\/artekdesign.com\/es\/quienes-somos\/","title":{"rendered":"Perfil"},"content":{"rendered":"<h2 style=\"margin-bottom: 4px;\">Artek Design Corp.<\/h2>\n<h4 style=\"margin-bottom: 20px;\">35 + A\u00f1os\u00a0\/\u00a0180 + Proyectos\u00a0\/\u00a0500,000 + m\u00b2<\/h4>\n<p>Artek Design Corp. es una parada \u00fanica para clientes e inversionistas que buscan desarrollar propiedades inmobiliarias sin esfuerzo.<\/p>\n<p>Como un grupo familiar de empresas, el equipo de Artek asiste desde la compra de los terrenos\/propiedades, hasta la arquitectura, la remodelaci\u00f3n\/construcci\u00f3n, y el dise\u00f1o interior. Ofreciendo tambi\u00e9n la posibilidad de administrar y alquilar\/vender las propiedades, Artek ha creado un historial exitoso de clientes satisfechos y ganancias.<\/p>\n<p>Como pr\u00e1ctica global, nuestra firma ha ejecutado una variedad de tipos de proyectos en m\u00e1s de 20 ciudades \u2013 incluyendo desarrollos residenciales, comerciales, industriales, de hospitalidad, religiosos, de salud, y culturales.<\/p>\n<p>Fundada en 1984, Artek comenz\u00f3 con Artek Design \u2013 una pr\u00e1ctica de arquitectura que se convirti\u00f3 en una plataforma de dise\u00f1o y construcci\u00f3n con Artek Remodelaciones. A lo largo de los a\u00f1os, con la implementaci\u00f3n de su componente de bienes ra\u00edces, Artek se convirti\u00f3 en una corporaci\u00f3n que supervisa adquisici\u00f3n, dise\u00f1o, construcci\u00f3n, administraci\u00f3n, y alquiler\/venta de propiedades inmobiliarias.<\/p>\n","protected":false},"excerpt":{"rendered":"<p>Artek Design Corp. 35 + A\u00f1os\u00a0\/\u00a0180 + Proyectos\u00a0\/\u00a0500,000 + m\u00b2 Artek Design Corp. es una parada \u00fanica para clientes e inversionistas que buscan desarrollar propiedades inmobiliarias sin esfuerzo. Como un grupo familiar de empresas, el equipo de Artek asiste desde la compra de los terrenos\/propiedades, hasta la arquitectura, la remodelaci\u00f3n\/construcci\u00f3n, y el dise\u00f1o interior. Ofreciendo [&hellip;]<\/p>\n","protected":false},"author":1,"featured_media":5291,"parent":0,"menu_order":0,"comment_status":"closed","ping_status":"closed","template":"template-about-us.php","meta":{"footnotes":""},"class_list":["post-31","page","type-page","status-publish","has-post-thumbnail","hentry"],"yoast_head":"<!-- This site is optimized with the Yoast SEO plugin v26.7 - https:\/\/yoast.com\/wordpress\/plugins\/seo\/ -->\n<title>Perfil - Artek Design<\/title>\n<meta name=\"robots\" content=\"index, follow, max-snippet:-1, max-image-preview:large, max-video-preview:-1\" \/>\n<link rel=\"canonical\" href=\"https:\/\/artekdesign.com\/es\/quienes-somos\/\" \/>\n<meta property=\"og:locale\" content=\"es_ES\" \/>\n<meta property=\"og:type\" content=\"article\" \/>\n<meta property=\"og:title\" content=\"Perfil - Artek Design\" \/>\n<meta property=\"og:description\" content=\"Artek Design Corp. 35 + A\u00f1os\u00a0\/\u00a0180 + Proyectos\u00a0\/\u00a0500,000 + m\u00b2 Artek Design Corp. es una parada \u00fanica para clientes e inversionistas que buscan desarrollar propiedades inmobiliarias sin esfuerzo. Como un grupo familiar de empresas, el equipo de Artek asiste desde la compra de los terrenos\/propiedades, hasta la arquitectura, la remodelaci\u00f3n\/construcci\u00f3n, y el dise\u00f1o interior. Ofreciendo [&hellip;]\" \/>\n<meta property=\"og:url\" content=\"https:\/\/artekdesign.com\/es\/quienes-somos\/\" \/>\n<meta property=\"og:site_name\" content=\"Artek Design\" \/>\n<meta property=\"article:modified_time\" content=\"2025-05-15T05:00:18+00:00\" \/>\n<meta property=\"og:image\" content=\"https:\/\/artekdesign.com\/es\/wp-content\/uploads\/sites\/2\/2025\/05\/family-scaled.jpg\" \/>\n\t<meta property=\"og:image:width\" content=\"2560\" \/>\n\t<meta property=\"og:image:height\" content=\"1700\" \/>\n\t<meta property=\"og:image:type\" content=\"image\/jpeg\" \/>\n<meta name=\"twitter:card\" content=\"summary_large_image\" \/>\n<meta name=\"twitter:label1\" content=\"Tiempo de lectura\" \/>\n\t<meta name=\"twitter:data1\" content=\"1 minuto\" \/>\n<script type=\"application\/ld+json\" class=\"yoast-schema-graph\">{\"@context\":\"https:\/\/schema.org\",\"@graph\":[{\"@type\":\"WebPage\",\"@id\":\"https:\/\/artekdesign.com\/es\/quienes-somos\/\",\"url\":\"https:\/\/artekdesign.com\/es\/quienes-somos\/\",\"name\":\"Perfil - Artek Design\",\"isPartOf\":{\"@id\":\"https:\/\/artekdesign.com\/es\/#website\"},\"primaryImageOfPage\":{\"@id\":\"https:\/\/artekdesign.com\/es\/quienes-somos\/#primaryimage\"},\"image\":{\"@id\":\"https:\/\/artekdesign.com\/es\/quienes-somos\/#primaryimage\"},\"thumbnailUrl\":\"https:\/\/artekdesign.com\/es\/wp-content\/uploads\/sites\/2\/2025\/05\/family-scaled.jpg\",\"datePublished\":\"2019-02-16T02:51:09+00:00\",\"dateModified\":\"2025-05-15T05:00:18+00:00\",\"breadcrumb\":{\"@id\":\"https:\/\/artekdesign.com\/es\/quienes-somos\/#breadcrumb\"},\"inLanguage\":\"es\",\"potentialAction\":[{\"@type\":\"ReadAction\",\"target\":[\"https:\/\/artekdesign.com\/es\/quienes-somos\/\"]}]},{\"@type\":\"ImageObject\",\"inLanguage\":\"es\",\"@id\":\"https:\/\/artekdesign.com\/es\/quienes-somos\/#primaryimage\",\"url\":\"https:\/\/artekdesign.com\/es\/wp-content\/uploads\/sites\/2\/2025\/05\/family-scaled.jpg\",\"contentUrl\":\"https:\/\/artekdesign.com\/es\/wp-content\/uploads\/sites\/2\/2025\/05\/family-scaled.jpg\",\"width\":2560,\"height\":1700},{\"@type\":\"BreadcrumbList\",\"@id\":\"https:\/\/artekdesign.com\/es\/quienes-somos\/#breadcrumb\",\"itemListElement\":[{\"@type\":\"ListItem\",\"position\":1,\"name\":\"Home\",\"item\":\"https:\/\/artekdesign.com\/es\/\"},{\"@type\":\"ListItem\",\"position\":2,\"name\":\"Perfil\"}]},{\"@type\":\"WebSite\",\"@id\":\"https:\/\/artekdesign.com\/es\/#website\",\"url\":\"https:\/\/artekdesign.com\/es\/\",\"name\":\"Artek Design\",\"description\":\"\",\"potentialAction\":[{\"@type\":\"SearchAction\",\"target\":{\"@type\":\"EntryPoint\",\"urlTemplate\":\"https:\/\/artekdesign.com\/es\/?s={search_term_string}\"},\"query-input\":{\"@type\":\"PropertyValueSpecification\",\"valueRequired\":true,\"valueName\":\"search_term_string\"}}],\"inLanguage\":\"es\"}]}<\/script>\n<!-- \/ Yoast SEO plugin. -->","yoast_head_json":{"title":"Perfil - Artek Design","robots":{"index":"index","follow":"follow","max-snippet":"max-snippet:-1","max-image-preview":"max-image-preview:large","max-video-preview":"max-video-preview:-1"},"canonical":"https:\/\/artekdesign.com\/es\/quienes-somos\/","og_locale":"es_ES","og_type":"article","og_title":"Perfil - Artek Design","og_description":"Artek Design Corp. 35 + A\u00f1os\u00a0\/\u00a0180 + Proyectos\u00a0\/\u00a0500,000 + m\u00b2 Artek Design Corp. es una parada \u00fanica para clientes e inversionistas que buscan desarrollar propiedades inmobiliarias sin esfuerzo. Como un grupo familiar de empresas, el equipo de Artek asiste desde la compra de los terrenos\/propiedades, hasta la arquitectura, la remodelaci\u00f3n\/construcci\u00f3n, y el dise\u00f1o interior. Ofreciendo [&hellip;]","og_url":"https:\/\/artekdesign.com\/es\/quienes-somos\/","og_site_name":"Artek Design","article_modified_time":"2025-05-15T05:00:18+00:00","og_image":[{"width":2560,"height":1700,"url":"https:\/\/artekdesign.com\/es\/wp-content\/uploads\/sites\/2\/2025\/05\/family-scaled.jpg","type":"image\/jpeg"}],"twitter_card":"summary_large_image","twitter_misc":{"Tiempo de lectura":"1 minuto"},"schema":{"@context":"https:\/\/schema.org","@graph":[{"@type":"WebPage","@id":"https:\/\/artekdesign.com\/es\/quienes-somos\/","url":"https:\/\/artekdesign.com\/es\/quienes-somos\/","name":"Perfil - Artek Design","isPartOf":{"@id":"https:\/\/artekdesign.com\/es\/#website"},"primaryImageOfPage":{"@id":"https:\/\/artekdesign.com\/es\/quienes-somos\/#primaryimage"},"image":{"@id":"https:\/\/artekdesign.com\/es\/quienes-somos\/#primaryimage"},"thumbnailUrl":"https:\/\/artekdesign.com\/es\/wp-content\/uploads\/sites\/2\/2025\/05\/family-scaled.jpg","datePublished":"2019-02-16T02:51:09+00:00","dateModified":"2025-05-15T05:00:18+00:00","breadcrumb":{"@id":"https:\/\/artekdesign.com\/es\/quienes-somos\/#breadcrumb"},"inLanguage":"es","potentialAction":[{"@type":"ReadAction","target":["https:\/\/artekdesign.com\/es\/quienes-somos\/"]}]},{"@type":"ImageObject","inLanguage":"es","@id":"https:\/\/artekdesign.com\/es\/quienes-somos\/#primaryimage","url":"https:\/\/artekdesign.com\/es\/wp-content\/uploads\/sites\/2\/2025\/05\/family-scaled.jpg","contentUrl":"https:\/\/artekdesign.com\/es\/wp-content\/uploads\/sites\/2\/2025\/05\/family-scaled.jpg","width":2560,"height":1700},{"@type":"BreadcrumbList","@id":"https:\/\/artekdesign.com\/es\/quienes-somos\/#breadcrumb","itemListElement":[{"@type":"ListItem","position":1,"name":"Home","item":"https:\/\/artekdesign.com\/es\/"},{"@type":"ListItem","position":2,"name":"Perfil"}]},{"@type":"WebSite","@id":"https:\/\/artekdesign.com\/es\/#website","url":"https:\/\/artekdesign.com\/es\/","name":"Artek Design","description":"","potentialAction":[{"@type":"SearchAction","target":{"@type":"EntryPoint","urlTemplate":"https:\/\/artekdesign.com\/es\/?s={search_term_string}"},"query-input":{"@type":"PropertyValueSpecification","valueRequired":true,"valueName":"search_term_string"}}],"inLanguage":"es"}]}},"_links":{"self":[{"href":"https:\/\/artekdesign.com\/es\/wp-json\/wp\/v2\/pages\/31","targetHints":{"allow":["GET"]}}],"collection":[{"href":"https:\/\/artekdesign.com\/es\/wp-json\/wp\/v2\/pages"}],"about":[{"href":"https:\/\/artekdesign.com\/es\/wp-json\/wp\/v2\/types\/page"}],"author":[{"embeddable":true,"href":"https:\/\/artekdesign.com\/es\/wp-json\/wp\/v2\/users\/1"}],"replies":[{"embeddable":true,"href":"https:\/\/artekdesign.com\/es\/wp-json\/wp\/v2\/comments?post=31"}],"version-history":[{"count":20,"href":"https:\/\/artekdesign.com\/es\/wp-json\/wp\/v2\/pages\/31\/revisions"}],"predecessor-version":[{"id":5293,"href":"https:\/\/artekdesign.com\/es\/wp-json\/wp\/v2\/pages\/31\/revisions\/5293"}],"wp:featuredmedia":[{"embeddable":true,"href":"https:\/\/artekdesign.com\/es\/wp-json\/wp\/v2\/media\/5291"}],"wp:attachment":[{"href":"https:\/\/artekdesign.com\/es\/wp-json\/wp\/v2\/media?parent=31"}],"curies":[{"name":"wp","href":"https:\/\/api.w.org\/{rel}","templated":true}]}}